{"id":1015,"date":"2023-06-06T11:58:40","date_gmt":"2023-06-06T09:58:40","guid":{"rendered":"https:\/\/foodbroker.home.pl\/autoinstalator\/wordpressplugins1\/?page_id=1015"},"modified":"2023-08-25T13:22:52","modified_gmt":"2023-08-25T11:22:52","slug":"low-ig","status":"publish","type":"page","link":"https:\/\/foodforfoodies.pl\/index.php\/low-ig\/","title":{"rendered":"Linia diabetic"},"content":{"rendered":"\t\t<div data-elementor-type=\"wp-page\" data-elementor-id=\"1015\" class=\"elementor elementor-1015\" data-elementor-post-type=\"page\">\n\t\t\t\t\t\t\t<div class=\"elementor-element elementor-element-74b29c5 e-flex e-con-boxed e-con\" data-id=\"74b29c5\" data-element_type=\"container\" data-settings=\"{&quot;background_background&quot;:&quot;gradient&quot;,&quot;content_width&quot;:&quot;boxed&quot;}\">\n\t\t\t\t\t<div class=\"e-con-inner\">\n\t\t\t\t<div class=\"elementor-element elementor-element-f89e378 elementor-widget elementor-widget-heading\" data-id=\"f89e378\" data-element_type=\"widget\" data-widget_type=\"heading.default\">\n\t\t\t\t<div class=\"elementor-widget-container\">\n\t\t\t<style>\/*! elementor - v3.14.0 - 26-06-2023 *\/\n.elementor-heading-title{padding:0;margin:0;line-height:1}.elementor-widget-heading .elementor-heading-title[class*=elementor-size-]>a{color:inherit;font-size:inherit;line-height:inherit}.elementor-widget-heading .elementor-heading-title.elementor-size-small{font-size:15px}.elementor-widget-heading .elementor-heading-title.elementor-size-medium{font-size:19px}.elementor-widget-heading .elementor-heading-title.elementor-size-large{font-size:29px}.elementor-widget-heading .elementor-heading-title.elementor-size-xl{font-size:39px}.elementor-widget-heading .elementor-heading-title.elementor-size-xxl{font-size:59px}<\/style><h1 class=\"elementor-heading-title elementor-size-default\">Linia diabetic<\/h1>\t\t<\/div>\n\t\t\t\t<\/div>\n\t\t\t\t<div class=\"elementor-element elementor-element-8590ae9 elementor-widget elementor-widget-heading\" data-id=\"8590ae9\" data-element_type=\"widget\" data-widget_type=\"heading.default\">\n\t\t\t\t<div class=\"elementor-widget-container\">\n\t\t\t<h5 class=\"elementor-heading-title elementor-size-default\">produkty o niskim indeksie glikemicznym \/ 20-25% bia\u0142ka \/ 30-35% t\u0142uszczy \/ 40-45% w\u0119glowodan\u00f3w\n<\/h5>\t\t<\/div>\n\t\t\t\t<\/div>\n\t\t\t\t<div class=\"elementor-element elementor-element-990a3d6 elementor-widget__width-initial elementor-widget elementor-widget-text-editor\" data-id=\"990a3d6\" data-element_type=\"widget\" data-widget_type=\"text-editor.default\">\n\t\t\t\t<div class=\"elementor-widget-container\">\n\t\t\t<style>\/*! elementor - v3.14.0 - 26-06-2023 *\/\n.elementor-widget-text-editor.elementor-drop-cap-view-stacked .elementor-drop-cap{background-color:#69727d;color:#fff}.elementor-widget-text-editor.elementor-drop-cap-view-framed .elementor-drop-cap{color:#69727d;border:3px solid;background-color:transparent}.elementor-widget-text-editor:not(.elementor-drop-cap-view-default) .elementor-drop-cap{margin-top:8px}.elementor-widget-text-editor:not(.elementor-drop-cap-view-default) .elementor-drop-cap-letter{width:1em;height:1em}.elementor-widget-text-editor .elementor-drop-cap{float:left;text-align:center;line-height:1;font-size:50px}.elementor-widget-text-editor .elementor-drop-cap-letter{display:inline-block}<\/style>\t\t\t\t<div class=\"elementor-element elementor-element-2ddf45e elementor-widget elementor-widget-text-editor\" data-id=\"2ddf45e\" data-element_type=\"widget\" data-widget_type=\"text-editor.default\"><div class=\"elementor-widget-container\"><div class=\"elementor-element elementor-element-5e1ec917 elementor-widget elementor-widget-text-editor\" data-id=\"5e1ec917\" data-element_type=\"widget\" data-widget_type=\"text-editor.default\"><div class=\"elementor-widget-container\">Catering dla foodies z ograniczon\u0105 diet\u0105 te\u017c musi by\u0107 pyszny! Po prostu potrawy pe\u0142ne prawdziwych przyjemno\u015bci oparte o przebojowe autorskie przepisy. Linia diabetic zosta\u0142a zbliansowana z produkt\u00f3w o niskim indeksie glikemicznym. Odpowiedni poziom bia\u0142ka (20-25%), t\u0142uszczy (30-35%) i w\u0119glowodan\u00f3w (40-45%) pozwoli Ci od\u017cywia\u0107 si\u0119 bezpiecznie, a tak\u017ce schudn\u0105\u0107.<\/div><\/div><div class=\"elementor-element elementor-element-222c5a49 elementor-align-center elementor-widget elementor-widget-button\" data-id=\"222c5a49\" data-element_type=\"widget\" data-widget_type=\"button.default\"><div class=\"elementor-widget-container\"><div class=\"elementor-button-wrapper\">\u00a0<\/div><\/div><\/div><\/div><\/div>\t\t\t\t\t\t<\/div>\n\t\t\t\t<\/div>\n\t\t\t\t<div class=\"elementor-element elementor-element-ad7b540 elementor-widget elementor-widget-button\" data-id=\"ad7b540\" data-element_type=\"widget\" data-widget_type=\"button.default\">\n\t\t\t\t<div class=\"elementor-widget-container\">\n\t\t\t\t\t<div class=\"elementor-button-wrapper\">\n\t\t\t<a class=\"elementor-button elementor-button-link elementor-size-sm\" href=\"https:\/\/panel.foodforfoodies.pl\/pl\/menu?variant=1&#038;diet=8&#038;_kx=\">\n\t\t\t\t\t\t<span class=\"elementor-button-content-wrapper\">\n\t\t\t\t\t\t<span class=\"elementor-button-text\">zobacz aktualne potrawy<\/span>\n\t\t<\/span>\n\t\t\t\t\t<\/a>\n\t\t<\/div>\n\t\t\t\t<\/div>\n\t\t\t\t<\/div>\n\t\t\t\t\t<\/div>\n\t\t\t\t<\/div>\n\t\t<div class=\"elementor-element elementor-element-9ff4841 e-flex e-con-boxed e-con\" data-id=\"9ff4841\" data-element_type=\"container\" data-settings=\"{&quot;content_width&quot;:&quot;boxed&quot;}\" data-e-bg-lazyload=\"\">\n\t\t\t\t\t<div class=\"e-con-inner\">\n\t\t<div class=\"elementor-element elementor-element-2dd28df e-con-full e-flex e-con\" data-id=\"2dd28df\" data-element_type=\"container\" data-settings=\"{&quot;content_width&quot;:&quot;full&quot;}\">\n\t\t\t\t<\/div>\n\t\t<div class=\"elementor-element elementor-element-4a6f539 e-con-full e-flex e-con\" data-id=\"4a6f539\" data-element_type=\"container\" data-settings=\"{&quot;content_width&quot;:&quot;full&quot;,&quot;background_background&quot;:&quot;classic&quot;}\">\n\t\t\t\t<div class=\"elementor-element elementor-element-5563028 e-n-tabs-mobile elementor-widget elementor-widget-n-tabs\" data-id=\"5563028\" data-element_type=\"widget\" data-settings=\"{&quot;tabs_justify_horizontal&quot;:&quot;start&quot;,&quot;horizontal_scroll&quot;:&quot;disable&quot;}\" data-widget_type=\"nested-tabs.default\">\n\t\t\t\t<div class=\"elementor-widget-container\">\n\t\t\t\t\t<div class=\"e-n-tabs\">\n\t\t\t<div class=\"e-n-tabs-heading\" role=\"tablist\">\n\t\t\t\t<div id=\"e-n-tabs-title-8951\" class=\"e-n-tab-title e-normal\" aria-selected=\"true\" data-tab=\"1\" role=\"tab\" tabindex=\"0\" aria-controls=\"e-n-tab-content-8951\" aria-expanded=\"false\">\t<span class=\"e-n-tab-icon\"><\/span>\t<span class=\"e-n-tab-title-text\">menu 1<\/span><\/div><div id=\"e-n-tabs-title-8952\" class=\"e-n-tab-title e-normal\" aria-selected=\"false\" data-tab=\"2\" role=\"tab\" tabindex=\"-1\" aria-controls=\"e-n-tab-content-8952\" aria-expanded=\"false\">\t<span class=\"e-n-tab-icon\"><\/span>\t<span class=\"e-n-tab-title-text\">menu 2<\/span><\/div><div id=\"e-n-tabs-title-8953\" class=\"e-n-tab-title e-normal\" aria-selected=\"false\" data-tab=\"3\" role=\"tab\" tabindex=\"-1\" aria-controls=\"e-n-tab-content-8953\" aria-expanded=\"false\">\t<span class=\"e-n-tab-icon\"><\/span>\t<span class=\"e-n-tab-title-text\">menu 3<\/span><\/div><div id=\"e-n-tabs-title-8954\" class=\"e-n-tab-title e-normal\" aria-selected=\"false\" data-tab=\"4\" role=\"tab\" tabindex=\"-1\" aria-controls=\"e-n-tab-content-8954\" aria-expanded=\"false\">\t<span class=\"e-n-tab-icon\"><\/span>\t<span class=\"e-n-tab-title-text\">menu 4<\/span><\/div>\t\t\t<\/div>\n\t\t\t<div class=\"e-n-tabs-content\" role=\"tablist\" aria-orientation=\"vertical\">\n\t\t\t\t<div class=\"e-n-tab-title e-collapse\" aria-selected=\"true\" data-tab=\"1\" role=\"tab\" tabindex=\"0\" aria-controls=\"e-n-tab-content-8951\" aria-expanded=\"false\" id=\"e-n-tabs-title-8951-accordion\">\t<span class=\"e-n-tab-icon\"><\/span>\t<span class=\"e-n-tab-title-text\">menu 1<\/span><\/div><div class=\"elementor-element elementor-element-c6a118f e-con-full e-flex e-con\" data-id=\"c6a118f\" data-element_type=\"container\" data-settings=\"{&quot;content_width&quot;:&quot;full&quot;}\">\n\t\t<div class=\"elementor-element elementor-element-41bacbf e-flex e-con-boxed e-con\" data-id=\"41bacbf\" data-element_type=\"container\" data-settings=\"{&quot;content_width&quot;:&quot;boxed&quot;}\">\n\t\t\t\t\t<div class=\"e-con-inner\">\n\t\t\t\t<div class=\"elementor-element elementor-element-a7da713 elementor-widget elementor-widget-text-editor\" data-id=\"a7da713\" data-element_type=\"widget\" data-widget_type=\"text-editor.default\">\n\t\t\t\t<div class=\"elementor-widget-container\">\n\t\t\t\t\t\t\t<h6>\u015bniadanie:<\/h6><p>paprykowo-pomidorowa szakszuka \/ chorizo \/ \u017cytnie pieczywo<\/p><h6>przek\u0105ska:<\/h6><p>sa\u0142atka w sosie je\u017cynowym z serem camembert \/ rukol\u0105 \/ pomidory cherry \/ bor\u00f3wki \/ s\u0142onecznik<\/p><h6>lunch:<\/h6><p>kurczak na sza\u0142wiowym pur\u00e9e z bia\u0142ych warzyw<\/p><h6>podwieczorek:<\/h6><p>owsiany baton z suszonymi jab\u0142kami \/ gorzka czekolada<\/p><h6>kolacja:<\/h6><p>kasza bulgur ze cheddarem i awokado \/ fasola \/ papryka \/ cukinia<\/p>\t\t\t\t\t\t<\/div>\n\t\t\t\t<\/div>\n\t\t\t\t\t<\/div>\n\t\t\t\t<\/div>\n\t\t\t\t<\/div>\n\t\t<div class=\"e-n-tab-title e-collapse\" aria-selected=\"false\" data-tab=\"2\" role=\"tab\" tabindex=\"-1\" aria-controls=\"e-n-tab-content-8952\" aria-expanded=\"false\" id=\"e-n-tabs-title-8952-accordion\">\t<span class=\"e-n-tab-icon\"><\/span>\t<span class=\"e-n-tab-title-text\">menu 2<\/span><\/div><div class=\"elementor-element elementor-element-d4e5408 e-con-full e-flex e-con\" data-id=\"d4e5408\" data-element_type=\"container\" data-settings=\"{&quot;content_width&quot;:&quot;full&quot;}\">\n\t\t\t\t<div class=\"elementor-element elementor-element-ef83fcf elementor-widget elementor-widget-text-editor\" data-id=\"ef83fcf\" data-element_type=\"widget\" data-widget_type=\"text-editor.default\">\n\t\t\t\t<div class=\"elementor-widget-container\">\n\t\t\t\t\t\t\t<h6>\u015bniadanie:<\/h6><p>pasta z suszonych pomidor\u00f3w \/ jajka eko-bio \u201e0\u201d \/ feta \/ razowe pieczywo \/ pomidory cherry \/ mikrozio\u0142a<\/p><h6>przek\u0105ska:<\/h6><p>sa\u0142atka w sosie z zielonych pomidor\u00f3w z szarpan\u0105 wieprzowin\u0105 \/ ser ple\u015bniowy<\/p><h6>lunch:<\/h6><p>kurczak w sosie kurkowym \/ razowe \u015bwiderki \/ jarmu\u017cowa sa\u0142atka<\/p><h6>podwieczorek:<\/h6><p>czekoladowy deser chia na mleku migda\u0142owym \/ orzechy laskowe \/ porzeczki<\/p><h6>kolacja:<\/h6><p>wega\u0144skie curry \/ ry\u017c br\u0105zowy \/ warzywa \/ mikrozio\u0142a<\/p>\t\t\t\t\t\t<\/div>\n\t\t\t\t<\/div>\n\t\t\t\t<\/div>\n\t\t<div class=\"e-n-tab-title e-collapse\" aria-selected=\"false\" data-tab=\"3\" role=\"tab\" tabindex=\"-1\" aria-controls=\"e-n-tab-content-8953\" aria-expanded=\"false\" id=\"e-n-tabs-title-8953-accordion\">\t<span class=\"e-n-tab-icon\"><\/span>\t<span class=\"e-n-tab-title-text\">menu 3<\/span><\/div><div class=\"elementor-element elementor-element-a63b176 e-con-full e-flex e-con\" data-id=\"a63b176\" data-element_type=\"container\" data-settings=\"{&quot;content_width&quot;:&quot;full&quot;}\">\n\t\t\t\t<div class=\"elementor-element elementor-element-15061ee elementor-widget elementor-widget-text-editor\" data-id=\"15061ee\" data-element_type=\"widget\" data-widget_type=\"text-editor.default\">\n\t\t\t\t<div class=\"elementor-widget-container\">\n\t\t\t\t\t\t\t<h6>\u015bniadanie:<\/h6><p>pe\u0142noziarnisty wrap w sosie zio\u0142owym \/ pasta z w\u0119dzonego kurczaka i jajek eko-bio \u201e0\u201d \/ rukola \/ s\u0142onecznik<\/p><h6>przek\u0105ska:<\/h6><p>kasza j\u0119czmienna w pesto pietruszkowym z cukini\u0105 \/ og\u00f3rek \/ rzodkiewka<\/p><h6>lunch:<\/h6><p>wieprzowe burgery w sosie aioli z pieczonymi warzywami \/ roszponka<\/p><h6>podwieczorek:<\/h6><p>czekoladowo-twarogowe muffiny z jajek eko-bio \u201e0\u201d z malinami \/ waniliowy jogurt \/ gruszka<\/p><h6>kolacja:<\/h6><p>sa\u0142atka z grillowanym kurczakiem i komos\u0105 \/ pomara\u0144cza \/ og\u00f3rek \/ bor\u00f3wki \/ mikrozio\u0142a<\/p>\t\t\t\t\t\t<\/div>\n\t\t\t\t<\/div>\n\t\t\t\t<\/div>\n\t\t<div class=\"e-n-tab-title e-collapse\" aria-selected=\"false\" data-tab=\"4\" role=\"tab\" tabindex=\"-1\" aria-controls=\"e-n-tab-content-8954\" aria-expanded=\"false\" id=\"e-n-tabs-title-8954-accordion\">\t<span class=\"e-n-tab-icon\"><\/span>\t<span class=\"e-n-tab-title-text\">menu 4<\/span><\/div><div class=\"elementor-element elementor-element-8399b53 e-flex e-con-boxed e-con\" data-id=\"8399b53\" data-element_type=\"container\" data-settings=\"{&quot;content_width&quot;:&quot;boxed&quot;}\">\n\t\t\t\t\t<div class=\"e-con-inner\">\n\t\t\t\t<div class=\"elementor-element elementor-element-03a4f6b elementor-widget elementor-widget-text-editor\" data-id=\"03a4f6b\" data-element_type=\"widget\" data-widget_type=\"text-editor.default\">\n\t\t\t\t<div class=\"elementor-widget-container\">\n\t\t\t\t\t\t\t<h6>\u015bniadanie:<\/h6><p>szpinakowo-broku\u0142owa tarta z fet\u0105 \/ pomidorowa sa\u0142atka \/ czarnuszka<\/p><h6>przek\u0105ska:<\/h6><p>porzeczkowa owsianka<\/p><h6>lunch:<\/h6><p>sandacz w sosie curry \/ dziki ry\u017c \/ zielony groszek \/ pomidory cherry \/ marchewka \/ kolendra<\/p><h6>podwieczorek:<\/h6><p>sa\u0142atka z jajkiem eko-bio \u201e0\u201d \/ broku\u0142y \/ kukurydza \/ camembert<\/p><h6>kolacja:<\/h6><p>papryki w sosie pomidorowym faszerowane warzywami \/ komosa \/ mikrozio\u0142a<\/p>\t\t\t\t\t\t<\/div>\n\t\t\t\t<\/div>\n\t\t\t\t\t<\/div>\n\t\t\t\t<\/div>\n\t\t\t\t\t<\/div>\n\t\t<\/div>\n\t\t\t\t<\/div>\n\t\t\t\t<\/div>\n\t\t\t\t<div class=\"elementor-element elementor-element-9e6daa8 elementor-mobile-align-center elementor-widget elementor-widget-button\" data-id=\"9e6daa8\" data-element_type=\"widget\" data-widget_type=\"button.default\">\n\t\t\t\t<div class=\"elementor-widget-container\">\n\t\t\t\t\t<div class=\"elementor-button-wrapper\">\n\t\t\t<a class=\"elementor-button elementor-button-link elementor-size-sm\" href=\"https:\/\/panel.foodforfoodies.pl\/new-order\/create\">\n\t\t\t\t\t\t<span class=\"elementor-button-content-wrapper\">\n\t\t\t\t\t\t<span class=\"elementor-button-text\">zam\u00f3w!<\/span>\n\t\t<\/span>\n\t\t\t\t\t<\/a>\n\t\t<\/div>\n\t\t\t\t<\/div>\n\t\t\t\t<\/div>\n\t\t\t\t<\/div>\n\t\t\t\t\t<\/div>\n\t\t\t\t<\/div>\n\t\t\t\t\t\t\t<\/div>\n\t\t","protected":false},"excerpt":{"rendered":"<p>Linia diabetic produkty o niskim indeksie glikemicznym \/ 20-25% bia\u0142ka \/ 30-35% t\u0142uszczy \/ 40-45% w\u0119glowodan\u00f3w Catering dla foodies z ograniczon\u0105 diet\u0105 te\u017c musi by\u0107 pyszny! Po prostu potrawy pe\u0142ne prawdziwych przyjemno\u015bci oparte o przebojowe autorskie przepisy. Linia diabetic zosta\u0142a zbliansowana z produkt\u00f3w o niskim indeksie glikemicznym. Odpowiedni poziom bia\u0142ka (20-25%), t\u0142uszczy (30-35%) i w\u0119glowodan\u00f3w &hellip;<\/p>\n<p class=\"read-more\"> <a class=\"\" href=\"https:\/\/foodforfoodies.pl\/index.php\/low-ig\/\"> <span class=\"screen-reader-text\">Linia diabetic<\/span> Read More \u00bb<\/a><\/p>\n","protected":false},"author":2,"featured_media":0,"parent":0,"menu_order":0,"comment_status":"closed","ping_status":"closed","template":"","meta":{"site-sidebar-layout":"no-sidebar","site-content-layout":"page-builder","ast-global-header-display":"","ast-banner-title-visibility":"","ast-main-header-display":"","ast-hfb-above-header-display":"","ast-hfb-below-header-display":"","ast-hfb-mobile-header-display":"","site-post-title":"disabled","ast-breadcrumbs-content":"","ast-featured-img":"disabled","footer-sml-layout":"","theme-transparent-header-meta":"enabled","adv-header-id-meta":"","stick-header-meta":"","header-above-stick-meta":"","header-main-stick-meta":"","header-below-stick-meta":"","footnotes":""},"class_list":["post-1015","page","type-page","status-publish","hentry"],"yoast_head":"<!-- This site is optimized with the Yoast SEO plugin v20.11 - https:\/\/yoast.com\/wordpress\/plugins\/seo\/ -->\n<title>Linia diabetic - FoodForFoodies<\/title>\n<meta name=\"robots\" content=\"index, follow, max-snippet:-1, max-image-preview:large, max-video-preview:-1\" \/>\n<link rel=\"canonical\" href=\"https:\/\/foodforfoodies.pl\/index.php\/low-ig\/\" \/>\n<meta property=\"og:locale\" content=\"pl_PL\" \/>\n<meta property=\"og:type\" content=\"article\" \/>\n<meta property=\"og:title\" content=\"Linia diabetic - FoodForFoodies\" \/>\n<meta property=\"og:description\" content=\"Linia diabetic produkty o niskim indeksie glikemicznym \/ 20-25% bia\u0142ka \/ 30-35% t\u0142uszczy \/ 40-45% w\u0119glowodan\u00f3w Catering dla foodies z ograniczon\u0105 diet\u0105 te\u017c musi by\u0107 pyszny! Po prostu potrawy pe\u0142ne prawdziwych przyjemno\u015bci oparte o przebojowe autorskie przepisy. Linia diabetic zosta\u0142a zbliansowana z produkt\u00f3w o niskim indeksie glikemicznym. Odpowiedni poziom bia\u0142ka (20-25%), t\u0142uszczy (30-35%) i w\u0119glowodan\u00f3w &hellip; Linia diabetic Read More \u00bb\" \/>\n<meta property=\"og:url\" content=\"https:\/\/foodforfoodies.pl\/index.php\/low-ig\/\" \/>\n<meta property=\"og:site_name\" content=\"FoodForFoodies\" \/>\n<meta property=\"article:modified_time\" content=\"2023-08-25T11:22:52+00:00\" \/>\n<meta name=\"twitter:card\" content=\"summary_large_image\" \/>\n<meta name=\"twitter:label1\" content=\"Szacowany czas czytania\" \/>\n\t<meta name=\"twitter:data1\" content=\"5 minut\" \/>\n<script type=\"application\/ld+json\" class=\"yoast-schema-graph\">{\"@context\":\"https:\/\/schema.org\",\"@graph\":[{\"@type\":\"WebPage\",\"@id\":\"https:\/\/foodforfoodies.pl\/index.php\/low-ig\/\",\"url\":\"https:\/\/foodforfoodies.pl\/index.php\/low-ig\/\",\"name\":\"Linia diabetic - FoodForFoodies\",\"isPartOf\":{\"@id\":\"https:\/\/foodforfoodies.pl\/#website\"},\"datePublished\":\"2023-06-06T09:58:40+00:00\",\"dateModified\":\"2023-08-25T11:22:52+00:00\",\"breadcrumb\":{\"@id\":\"https:\/\/foodforfoodies.pl\/index.php\/low-ig\/#breadcrumb\"},\"inLanguage\":\"pl-PL\",\"potentialAction\":[{\"@type\":\"ReadAction\",\"target\":[\"https:\/\/foodforfoodies.pl\/index.php\/low-ig\/\"]}]},{\"@type\":\"BreadcrumbList\",\"@id\":\"https:\/\/foodforfoodies.pl\/index.php\/low-ig\/#breadcrumb\",\"itemListElement\":[{\"@type\":\"ListItem\",\"position\":1,\"name\":\"Home\",\"item\":\"https:\/\/foodforfoodies.pl\/\"},{\"@type\":\"ListItem\",\"position\":2,\"name\":\"Linia diabetic\"}]},{\"@type\":\"WebSite\",\"@id\":\"https:\/\/foodforfoodies.pl\/#website\",\"url\":\"https:\/\/foodforfoodies.pl\/\",\"name\":\"FoodForFoodies\",\"description\":\"FoodForFoodies\",\"publisher\":{\"@id\":\"https:\/\/foodforfoodies.pl\/#organization\"},\"potentialAction\":[{\"@type\":\"SearchAction\",\"target\":{\"@type\":\"EntryPoint\",\"urlTemplate\":\"https:\/\/foodforfoodies.pl\/?s={search_term_string}\"},\"query-input\":\"required name=search_term_string\"}],\"inLanguage\":\"pl-PL\"},{\"@type\":\"Organization\",\"@id\":\"https:\/\/foodforfoodies.pl\/#organization\",\"name\":\"FoodForFoodies\",\"url\":\"https:\/\/foodforfoodies.pl\/\",\"logo\":{\"@type\":\"ImageObject\",\"inLanguage\":\"pl-PL\",\"@id\":\"https:\/\/foodforfoodies.pl\/#\/schema\/logo\/image\/\",\"url\":\"https:\/\/foodforfoodies.pl\/wp-content\/uploads\/2023\/05\/logo-fff-e1685348095562.png\",\"contentUrl\":\"https:\/\/foodforfoodies.pl\/wp-content\/uploads\/2023\/05\/logo-fff-e1685348095562.png\",\"width\":500,\"height\":333,\"caption\":\"FoodForFoodies\"},\"image\":{\"@id\":\"https:\/\/foodforfoodies.pl\/#\/schema\/logo\/image\/\"}}]}<\/script>\n<!-- \/ Yoast SEO plugin. -->","yoast_head_json":{"title":"Linia diabetic - FoodForFoodies","robots":{"index":"index","follow":"follow","max-snippet":"max-snippet:-1","max-image-preview":"max-image-preview:large","max-video-preview":"max-video-preview:-1"},"canonical":"https:\/\/foodforfoodies.pl\/index.php\/low-ig\/","og_locale":"pl_PL","og_type":"article","og_title":"Linia diabetic - FoodForFoodies","og_description":"Linia diabetic produkty o niskim indeksie glikemicznym \/ 20-25% bia\u0142ka \/ 30-35% t\u0142uszczy \/ 40-45% w\u0119glowodan\u00f3w Catering dla foodies z ograniczon\u0105 diet\u0105 te\u017c musi by\u0107 pyszny! Po prostu potrawy pe\u0142ne prawdziwych przyjemno\u015bci oparte o przebojowe autorskie przepisy. Linia diabetic zosta\u0142a zbliansowana z produkt\u00f3w o niskim indeksie glikemicznym. Odpowiedni poziom bia\u0142ka (20-25%), t\u0142uszczy (30-35%) i w\u0119glowodan\u00f3w &hellip; Linia diabetic Read More \u00bb","og_url":"https:\/\/foodforfoodies.pl\/index.php\/low-ig\/","og_site_name":"FoodForFoodies","article_modified_time":"2023-08-25T11:22:52+00:00","twitter_card":"summary_large_image","twitter_misc":{"Szacowany czas czytania":"5 minut"},"schema":{"@context":"https:\/\/schema.org","@graph":[{"@type":"WebPage","@id":"https:\/\/foodforfoodies.pl\/index.php\/low-ig\/","url":"https:\/\/foodforfoodies.pl\/index.php\/low-ig\/","name":"Linia diabetic - FoodForFoodies","isPartOf":{"@id":"https:\/\/foodforfoodies.pl\/#website"},"datePublished":"2023-06-06T09:58:40+00:00","dateModified":"2023-08-25T11:22:52+00:00","breadcrumb":{"@id":"https:\/\/foodforfoodies.pl\/index.php\/low-ig\/#breadcrumb"},"inLanguage":"pl-PL","potentialAction":[{"@type":"ReadAction","target":["https:\/\/foodforfoodies.pl\/index.php\/low-ig\/"]}]},{"@type":"BreadcrumbList","@id":"https:\/\/foodforfoodies.pl\/index.php\/low-ig\/#breadcrumb","itemListElement":[{"@type":"ListItem","position":1,"name":"Home","item":"https:\/\/foodforfoodies.pl\/"},{"@type":"ListItem","position":2,"name":"Linia diabetic"}]},{"@type":"WebSite","@id":"https:\/\/foodforfoodies.pl\/#website","url":"https:\/\/foodforfoodies.pl\/","name":"FoodForFoodies","description":"FoodForFoodies","publisher":{"@id":"https:\/\/foodforfoodies.pl\/#organization"},"potentialAction":[{"@type":"SearchAction","target":{"@type":"EntryPoint","urlTemplate":"https:\/\/foodforfoodies.pl\/?s={search_term_string}"},"query-input":"required name=search_term_string"}],"inLanguage":"pl-PL"},{"@type":"Organization","@id":"https:\/\/foodforfoodies.pl\/#organization","name":"FoodForFoodies","url":"https:\/\/foodforfoodies.pl\/","logo":{"@type":"ImageObject","inLanguage":"pl-PL","@id":"https:\/\/foodforfoodies.pl\/#\/schema\/logo\/image\/","url":"https:\/\/foodforfoodies.pl\/wp-content\/uploads\/2023\/05\/logo-fff-e1685348095562.png","contentUrl":"https:\/\/foodforfoodies.pl\/wp-content\/uploads\/2023\/05\/logo-fff-e1685348095562.png","width":500,"height":333,"caption":"FoodForFoodies"},"image":{"@id":"https:\/\/foodforfoodies.pl\/#\/schema\/logo\/image\/"}}]}},"_links":{"self":[{"href":"https:\/\/foodforfoodies.pl\/index.php\/wp-json\/wp\/v2\/pages\/1015","targetHints":{"allow":["GET"]}}],"collection":[{"href":"https:\/\/foodforfoodies.pl\/index.php\/wp-json\/wp\/v2\/pages"}],"about":[{"href":"https:\/\/foodforfoodies.pl\/index.php\/wp-json\/wp\/v2\/types\/page"}],"author":[{"embeddable":true,"href":"https:\/\/foodforfoodies.pl\/index.php\/wp-json\/wp\/v2\/users\/2"}],"replies":[{"embeddable":true,"href":"https:\/\/foodforfoodies.pl\/index.php\/wp-json\/wp\/v2\/comments?post=1015"}],"version-history":[{"count":18,"href":"https:\/\/foodforfoodies.pl\/index.php\/wp-json\/wp\/v2\/pages\/1015\/revisions"}],"predecessor-version":[{"id":1518,"href":"https:\/\/foodforfoodies.pl\/index.php\/wp-json\/wp\/v2\/pages\/1015\/revisions\/1518"}],"wp:attachment":[{"href":"https:\/\/foodforfoodies.pl\/index.php\/wp-json\/wp\/v2\/media?parent=1015"}],"curies":[{"name":"wp","href":"https:\/\/api.w.org\/{rel}","templated":true}]}}